{"id":987511185,"date":"2024-02-14T11:17:31","date_gmt":"2024-02-14T10:17:31","guid":{"rendered":"https:\/\/ntnprecision.cz\/inquiry\/"},"modified":"2025-03-25T12:33:51","modified_gmt":"2025-03-25T11:33:51","slug":"inquiry","status":"publish","type":"page","link":"https:\/\/ntnprecision.cz\/en\/inquiry\/","title":{"rendered":"Inquiry"},"content":{"rendered":"<p>[et_pb_section fb_built=&#8221;1&#8243; custom_padding_last_edited=&#8221;on|phone&#8221; admin_label=&#8221;Header&#8221; _builder_version=&#8221;4.24.0&#8243; _module_preset=&#8221;default&#8221; background_image=&#8221;https:\/\/ntnprecision.cz\/wp-content\/uploads\/2024\/06\/poptavka.jpg&#8221; custom_padding=&#8221;0vw||10vw||false|false&#8221; custom_padding_tablet=&#8221;0vw||10vw||false|false&#8221; custom_padding_phone=&#8221;0vw||52vw||false|false&#8221; collapsed=&#8221;on&#8221; global_colors_info=&#8221;{}&#8221;][et_pb_row custom_padding_last_edited=&#8221;on|phone&#8221; _builder_version=&#8221;4.24.0&#8243; _module_preset=&#8221;default&#8221; background_color=&#8221;#007177&#8243; width=&#8221;50%&#8221; max_width=&#8221;100%&#8221; module_alignment=&#8221;right&#8221; custom_padding_tablet=&#8221;&#8221; custom_padding_phone=&#8221;20px||20px||true|false&#8221; animation_style=&#8221;slide&#8221; animation_direction=&#8221;right&#8221; animation_duration=&#8221;1500ms&#8221; animation_delay=&#8221;500ms&#8221; border_radii=&#8221;on|5px|5px|5px|5px&#8221; global_colors_info=&#8221;{}&#8221;][et_pb_column type=&#8221;4_4&#8243; _builder_version=&#8221;4.24.0&#8243; _module_preset=&#8221;default&#8221; global_colors_info=&#8221;{}&#8221;][et_pb_text _builder_version=&#8221;4.24.0&#8243; _module_preset=&#8221;default&#8221; text_font=&#8221;Montserrat|700|||||||&#8221; text_text_color=&#8221;#FFFFFF&#8221; text_font_size=&#8221;22px&#8221; custom_padding=&#8221;13px||13px|20px|true|false&#8221; custom_padding_tablet=&#8221;13px||13px|20px|true|false&#8221; custom_padding_phone=&#8221;0px||0px|20px|true|false&#8221; custom_padding_last_edited=&#8221;on|phone&#8221; text_font_size_tablet=&#8221;22px&#8221; text_font_size_phone=&#8221;16px&#8221; text_font_size_last_edited=&#8221;on|phone&#8221; global_colors_info=&#8221;{}&#8221;]<\/p>\n<p>DEMAND<\/p>\n<p>[\/et_pb_text][\/et_pb_column][\/et_pb_row][\/et_pb_section][et_pb_section fb_built=&#8221;1&#8243; _builder_version=&#8221;4.24.0&#8243; _module_preset=&#8221;default&#8221; global_colors_info=&#8221;{}&#8221;][et_pb_row _builder_version=&#8221;4.24.0&#8243; _module_preset=&#8221;default&#8221; global_colors_info=&#8221;{}&#8221;][et_pb_column type=&#8221;4_4&#8243; _builder_version=&#8221;4.24.0&#8243; _module_preset=&#8221;default&#8221; global_colors_info=&#8221;{}&#8221;][et_pb_text _builder_version=&#8221;4.24.0&#8243; _module_preset=&#8221;default&#8221; text_font=&#8221;Montserrat|500|||||||&#8221; text_text_color=&#8221;#000000&#8243; text_font_size=&#8221;30px&#8221; header_font=&#8221;Montserrat||||||||&#8221; header_2_font=&#8221;Kanit||||||||&#8221; header_2_text_align=&#8221;left&#8221; header_2_text_color=&#8221;#1a1919&#8243; header_2_font_size=&#8221;62px&#8221; text_orientation=&#8221;center&#8221; max_width_tablet=&#8221;&#8221; max_width_phone=&#8221;560px&#8221; max_width_last_edited=&#8221;on|tablet&#8221; custom_margin=&#8221;0px||16px||false|false&#8221; custom_padding=&#8221;0px||0px||false|false&#8221; header_font_size_tablet=&#8221;&#8221; header_font_size_phone=&#8221;22px&#8221; header_font_size_last_edited=&#8221;on|phone&#8221; header_line_height_tablet=&#8221;&#8221; header_line_height_phone=&#8221;1.4em&#8221; header_line_height_last_edited=&#8221;on|phone&#8221; header_2_font_size_tablet=&#8221;48px&#8221; header_2_font_size_phone=&#8221;30px&#8221; header_2_font_size_last_edited=&#8221;on|phone&#8221; header_2_line_height_tablet=&#8221;&#8221; header_2_line_height_phone=&#8221;1.2em&#8221; header_2_line_height_last_edited=&#8221;on|phone&#8221; global_colors_info=&#8221;{}&#8221;]<\/p>\n<h1>DEMAND<\/h1>\n<p>[\/et_pb_text][et_pb_divider color=&#8221;#007177&#8243; divider_weight=&#8221;3px&#8221; _builder_version=&#8221;4.24.0&#8243; _module_preset=&#8221;default&#8221; width=&#8221;15%&#8221; module_alignment=&#8221;center&#8221; custom_margin=&#8221;||||false|false&#8221; custom_margin_tablet=&#8221;||||false|false&#8221; custom_margin_phone=&#8221;||||false|false&#8221; custom_margin_last_edited=&#8221;on|desktop&#8221; global_colors_info=&#8221;{}&#8221;][\/et_pb_divider][\/et_pb_column][\/et_pb_row][et_pb_row _builder_version=&#8221;4.24.0&#8243; _module_preset=&#8221;default&#8221; global_colors_info=&#8221;{}&#8221;][et_pb_column type=&#8221;4_4&#8243; _builder_version=&#8221;4.24.0&#8243; _module_preset=&#8221;default&#8221; global_colors_info=&#8221;{}&#8221;][et_pb_text _builder_version=&#8221;4.27.4&#8243; _module_preset=&#8221;default&#8221; text_font=&#8221;Open Sans||||||||&#8221; text_text_color=&#8221;#000000&#8243; text_font_size=&#8221;16px&#8221; text_line_height=&#8221;1.8em&#8221; link_text_color=&#8221;#007177&#8243; width=&#8221;81%&#8221; width_tablet=&#8221;81%&#8221; width_phone=&#8221;81%&#8221; width_last_edited=&#8221;on|desktop&#8221; module_alignment=&#8221;center&#8221; custom_margin_tablet=&#8221;&#8221; custom_margin_phone=&#8221;||0px||false|false&#8221; custom_margin_last_edited=&#8221;on|phone&#8221; custom_padding_tablet=&#8221;&#8221; custom_padding_phone=&#8221;||0px||false|false&#8221; custom_padding_last_edited=&#8221;on|phone&#8221; text_font_size_tablet=&#8221;16px&#8221; text_font_size_phone=&#8221;15px&#8221; text_font_size_last_edited=&#8221;on|phone&#8221; global_colors_info=&#8221;{}&#8221;]<\/p>\n<div>\n<div class=\"page__content mb3\">\n<div>\n<p style=\"text-align: center;\">Please fill in the information in the form<strong>. <\/strong>We will also be happy to help you with your enquiry on tel. <strong><a href=\"Tel:+420%20735%20777%20422\">+420 735 777 422 <\/a><\/strong>or by e-mail : <strong><a href=\"mailto:obchod@ntnprecision.cz\">obchod@ntnprecision.cz<\/a><\/strong><\/p>\n<\/div>\n<\/div>\n<\/div>\n<p>[\/et_pb_text][\/et_pb_column][\/et_pb_row][et_pb_row _builder_version=&#8221;4.27.4&#8243; _module_preset=&#8221;default&#8221; global_colors_info=&#8221;{}&#8221;][et_pb_column type=&#8221;4_4&#8243; _builder_version=&#8221;4.27.4&#8243; _module_preset=&#8221;default&#8221; global_colors_info=&#8221;{}&#8221;][et_pb_contact_form email=&#8221;obchod@ntnprecision.cz&#8221; custom_message=&#8221;Name: %%Jmeno%%||et_pb_line_break_holder||E-mail: %%Email%%||et_pb_line_break_holder||Phone number: %%Telefon%%||et_pb_line_break_holder||Message: %%Zprava%%||et_pb_line_break_holder||||et_pb_line_break_holder||||et_pb_line_break_holder|||&#8221; admin_label=&#8221;Kontaktn\u00ed formul\u00e1\u0159&#8221; _builder_version=&#8221;4.27.4&#8243; _module_preset=&#8221;default&#8221; _unique_id=&#8221;f9a0013a-269d-4bd7-bd3d-43fc03d1f107&#8243; form_field_background_color=&#8221;RGBA(255,255,255,0)&#8221; form_field_text_color=&#8221;#000000&#8243; form_field_font=&#8221;Open Sans|600|||||||&#8221; form_field_font_size=&#8221;15px&#8221; custom_button=&#8221;on&#8221; button_text_size=&#8221;18px&#8221; button_text_color=&#8221;#FFFFFF&#8221; button_bg_color=&#8221;#007177&#8243; button_border_color=&#8221;#007177&#8243; max_width=&#8221;100%&#8221; max_height=&#8221;793px&#8221; hover_enabled=&#8221;0&#8243; admin_email_subject=&#8221;Nov\u00e1 zpr\u00e1va z kontaktn\u00edho formul\u00e1\u0159e! ntnprecision.cz&#8221; admin_email_from_name=&#8221;NTN PRECISION S.R.O.&#8221; save_files_to_media=&#8221;on&#8221; use_confirmation_email=&#8221;on&#8221; confirmation_email_field_id=&#8221;Email&#8221; confirmation_email_subject=&#8221;Va\u0161e zpr\u00e1va byla p\u0159ijata! ntnprecision.cz&#8221; confirmation_email_from_name=&#8221;NTN PRECISION S.R.O.&#8221; confirmation_email_from=&#8221;obchod@ntnprecision.cz&#8221; use_confirmation_message_richtext=&#8221;on&#8221; confirmation_message_richtext=&#8221;<\/p>\n<p>Dobr\u00fd den,<br \/>d\u011bkujeme za vypln\u011bn\u00ed kontaktn\u00edho formul\u00e1\u0159e. Ozveme se V\u00e1m, co nejd\u0159\u00edve to bude mo\u017en\u00e9.<\/p>\n<p><strong>NTN Precision s.r.o.<\/strong><\/p>\n<p>Hornom\u011bstsk\u00e1 2171\/37<\/p>\n<p>594 01 Velk\u00e9 Mezi\u0159\u00ed\u010d\u00ed | Czech Republic | <a href=%22http:\/\/www.ntnprecision.cz%22>www.ntnprecision.cz<\/a><\/p>\n<p>&nbsp;<\/p>\n<p>&#8221; hide_success_message=&#8221;on&#8221; custom_use_redirect=&#8221;on&#8221; custom_redirect_to=&#8221;page&#8221; custom_redirect_page=&#8221;987509538&#8243; custom_redirect_delay=&#8221;300&#8243; files_container_background=&#8221;RGBA(255,255,255,0)&#8221; accepted_file_text_color=&#8221;#000000&#8243; accepted_file_text_font=&#8221;Open Sans|600|||||||&#8221; file_button_background=&#8221;#007177&#8243; file_button_color=&#8221;#FFFFFF&#8221; file_button_size=&#8221;15px&#8221; file_button_border_color=&#8221;#007177&#8243; file_button_icon=&#8221;&#x36;||divi||400&#8243; use_honeypot=&#8221;on&#8221; border_radii=&#8221;on|15px|15px|15px|15px&#8221; border_width_all=&#8221;1px&#8221; border_color_all=&#8221;#afafaf&#8221; global_colors_info=&#8221;{}&#8221; sticky_enabled=&#8221;0&#8243;][et_pb_contact_field field_id=&#8221;Jmeno&#8221; field_title=&#8221;Name \/ Company&#8221; _builder_version=&#8221;4.24.0&#8243; global_colors_info=&#8221;{}&#8221; button_text_size__hover_enabled=&#8221;off&#8221; button_one_text_size__hover_enabled=&#8221;off&#8221; button_two_text_size__hover_enabled=&#8221;off&#8221; button_text_color__hover_enabled=&#8221;off&#8221; button_one_text_color__hover_enabled=&#8221;off&#8221; button_two_text_color__hover_enabled=&#8221;off&#8221; button_border_width__hover_enabled=&#8221;off&#8221; button_one_border_width__hover_enabled=&#8221;off&#8221; button_two_border_width__hover_enabled=&#8221;off&#8221; button_border_color__hover_enabled=&#8221;off&#8221; button_one_border_color__hover_enabled=&#8221;off&#8221; button_two_border_color__hover_enabled=&#8221;off&#8221; button_border_radius__hover_enabled=&#8221;off&#8221; button_one_border_radius__hover_enabled=&#8221;off&#8221; button_two_border_radius__hover_enabled=&#8221;off&#8221; button_letter_spacing__hover_enabled=&#8221;off&#8221; button_one_letter_spacing__hover_enabled=&#8221;off&#8221; button_two_letter_spacing__hover_enabled=&#8221;off&#8221; button_bg_color__hover_enabled=&#8221;off&#8221; button_one_bg_color__hover_enabled=&#8221;off&#8221; button_two_bg_color__hover_enabled=&#8221;off&#8221;][\/et_pb_contact_field][et_pb_contact_field field_id=&#8221;Email&#8221; field_title=&#8221;E-mail address&#8221; field_type=&#8221;email&#8221; _builder_version=&#8221;4.24.0&#8243; global_colors_info=&#8221;{}&#8221; button_text_size__hover_enabled=&#8221;off&#8221; button_one_text_size__hover_enabled=&#8221;off&#8221; button_two_text_size__hover_enabled=&#8221;off&#8221; button_text_color__hover_enabled=&#8221;off&#8221; button_one_text_color__hover_enabled=&#8221;off&#8221; button_two_text_color__hover_enabled=&#8221;off&#8221; button_border_width__hover_enabled=&#8221;off&#8221; button_one_border_width__hover_enabled=&#8221;off&#8221; button_two_border_width__hover_enabled=&#8221;off&#8221; button_border_color__hover_enabled=&#8221;off&#8221; button_one_border_color__hover_enabled=&#8221;off&#8221; button_two_border_color__hover_enabled=&#8221;off&#8221; button_border_radius__hover_enabled=&#8221;off&#8221; button_one_border_radius__hover_enabled=&#8221;off&#8221; button_two_border_radius__hover_enabled=&#8221;off&#8221; button_letter_spacing__hover_enabled=&#8221;off&#8221; button_one_letter_spacing__hover_enabled=&#8221;off&#8221; button_two_letter_spacing__hover_enabled=&#8221;off&#8221; button_bg_color__hover_enabled=&#8221;off&#8221; button_one_bg_color__hover_enabled=&#8221;off&#8221; button_two_bg_color__hover_enabled=&#8221;off&#8221;][\/et_pb_contact_field][et_pb_contact_field field_id=&#8221;Telefon&#8221; field_title=&#8221;Telephone number&#8221; fullwidth_field=&#8221;on&#8221; _builder_version=&#8221;4.24.0&#8243; _module_preset=&#8221;default&#8221; global_colors_info=&#8221;{}&#8221;][\/et_pb_contact_field][et_pb_contact_field field_id=&#8221;Priloha&#8221; field_title=&#8221;Upload attachment&#8221; required_mark=&#8221;off&#8221; fullwidth_field=&#8221;on&#8221; _builder_version=&#8221;4.24.0&#8243; _module_preset=&#8221;default&#8221; use_field_label=&#8221;on&#8221; use_file_upload=&#8221;on&#8221; file_size=&#8221;512000&#8243; files_limit=&#8221;10&#8243; file_mime=&#8221;on|off|on|off|off|on|off|off|on|off|off|off|off|off|off|off|off|off|off|off|off|off|off|off|off|off|off|off|off|off|off|off|off|off|off|off|off|off|off|off|off|off|off|off|off|off|off|off|on|off|on|on|on|on|on|off|off|off|off|off|off|off|off|off|off|off|off|off|off|off|off|off|off|off|off|off|off|off|off|off|off|off|off|off|off|off|off|off|off|off|off|off|off|off|off|off&#8221; global_colors_info=&#8221;{}&#8221;][\/et_pb_contact_field][et_pb_contact_field field_id=&#8221;Zprava&#8221; field_title=&#8221;Report&#8221; field_type=&#8221;text&#8221; required_mark=&#8221;off&#8221; fullwidth_field=&#8221;on&#8221; _builder_version=&#8221;4.24.0&#8243; global_colors_info=&#8221;{}&#8221; button_text_size__hover_enabled=&#8221;off&#8221; button_one_text_size__hover_enabled=&#8221;off&#8221; button_two_text_size__hover_enabled=&#8221;off&#8221; button_text_color__hover_enabled=&#8221;off&#8221; button_one_text_color__hover_enabled=&#8221;off&#8221; button_two_text_color__hover_enabled=&#8221;off&#8221; button_border_width__hover_enabled=&#8221;off&#8221; button_one_border_width__hover_enabled=&#8221;off&#8221; button_two_border_width__hover_enabled=&#8221;off&#8221; button_border_color__hover_enabled=&#8221;off&#8221; button_one_border_color__hover_enabled=&#8221;off&#8221; button_two_border_color__hover_enabled=&#8221;off&#8221; button_border_radius__hover_enabled=&#8221;off&#8221; button_one_border_radius__hover_enabled=&#8221;off&#8221; button_two_border_radius__hover_enabled=&#8221;off&#8221; button_letter_spacing__hover_enabled=&#8221;off&#8221; button_one_letter_spacing__hover_enabled=&#8221;off&#8221; button_two_letter_spacing__hover_enabled=&#8221;off&#8221; button_bg_color__hover_enabled=&#8221;off&#8221; button_one_bg_color__hover_enabled=&#8221;off&#8221; button_two_bg_color__hover_enabled=&#8221;off&#8221;][\/et_pb_contact_field][\/et_pb_contact_form][\/et_pb_column][\/et_pb_row][\/et_pb_section]<\/p>\n","protected":false},"excerpt":{"rendered":"<p>DEMANDDEMAND Please fill in the information in the form. We will also be happy to help you with your enquiry on tel. +420 735 777 422 or by e-mail : obchod@ntnprecision.cz<\/p>\n","protected":false},"author":2,"featured_media":0,"parent":0,"menu_order":0,"comment_status":"closed","ping_status":"closed","template":"","meta":{"_et_pb_use_builder":"on","_et_pb_old_content":"","_et_gb_content_width":"","footnotes":""},"difl_page_category":[],"class_list":["post-987511185","page","type-page","status-publish","hentry"],"aioseo_notices":[],"_links":{"self":[{"href":"https:\/\/ntnprecision.cz\/en\/wp-json\/wp\/v2\/pages\/987511185","targetHints":{"allow":["GET"]}}],"collection":[{"href":"https:\/\/ntnprecision.cz\/en\/wp-json\/wp\/v2\/pages"}],"about":[{"href":"https:\/\/ntnprecision.cz\/en\/wp-json\/wp\/v2\/types\/page"}],"author":[{"embeddable":true,"href":"https:\/\/ntnprecision.cz\/en\/wp-json\/wp\/v2\/users\/2"}],"replies":[{"embeddable":true,"href":"https:\/\/ntnprecision.cz\/en\/wp-json\/wp\/v2\/comments?post=987511185"}],"version-history":[{"count":3,"href":"https:\/\/ntnprecision.cz\/en\/wp-json\/wp\/v2\/pages\/987511185\/revisions"}],"predecessor-version":[{"id":987511613,"href":"https:\/\/ntnprecision.cz\/en\/wp-json\/wp\/v2\/pages\/987511185\/revisions\/987511613"}],"wp:attachment":[{"href":"https:\/\/ntnprecision.cz\/en\/wp-json\/wp\/v2\/media?parent=987511185"}],"wp:term":[{"taxonomy":"difl_page_category","embeddable":true,"href":"https:\/\/ntnprecision.cz\/en\/wp-json\/wp\/v2\/difl_page_category?post=987511185"}],"curies":[{"name":"wp","href":"https:\/\/api.w.org\/{rel}","templated":true}]}}